{"id":131,"date":"2020-10-18T19:16:41","date_gmt":"2020-10-18T19:16:41","guid":{"rendered":"https:\/\/lacompaniadelupe.com\/?page_id=131"},"modified":"2024-06-18T15:43:06","modified_gmt":"2024-06-18T15:43:06","slug":"aventuras-tematicas","status":"publish","type":"page","link":"https:\/\/lacompaniadelupe.com\/index.php\/aventuras-tematicas\/","title":{"rendered":"Aventuras tem\u00e1ticas"},"content":{"rendered":"\n<h2 class=\"wp-block-heading\"><strong>Asesinato en Milton Road<\/strong><\/h2>\n\n\n\n<p><\/p>\n\n\n\n<h5 class=\"wp-block-heading\"><strong>Un asesino&#8230;una verdad por descubrir. \u00bfEl mal nunca queda sin castigo. O s\u00ed&#8230;?<\/strong><\/h5>\n\n\n\n<p><strong>Alguien ha cometido un asesinato, todos son sospechosos. Una aventura tem\u00e1tica ambientada en la \u00e9poca victoriana.<\/strong>  <\/p>\n\n\n\n<p><strong>Los personajes principales<\/strong><\/p>\n\n\n<div class=\"wp-block-image\">\n<figure class=\"aligncenter size-large is-resized\"><img loading=\"lazy\" decoding=\"async\" width=\"510\" height=\"383\" src=\"https:\/\/lacompaniadelupe.com\/wp-content\/uploads\/2020\/10\/Sir_charles.jpg\" alt=\"\" class=\"wp-image-132\" style=\"width:609px;height:457px\" srcset=\"https:\/\/lacompaniadelupe.com\/wp-content\/uploads\/2020\/10\/Sir_charles.jpg 510w, https:\/\/lacompaniadelupe.com\/wp-content\/uploads\/2020\/10\/Sir_charles-300x225.jpg 300w\" sizes=\"auto, (max-width: 510px) 100vw, 510px\" \/><figcaption class=\"wp-element-caption\">Sir Charles Simpson<\/figcaption><\/figure><\/div>\n\n<div class=\"wp-block-image\">\n<figure class=\"aligncenter size-large\"><img loading=\"lazy\" decoding=\"async\" width=\"1024\" height=\"768\" src=\"https:\/\/lacompaniadelupe.com\/wp-content\/uploads\/2020\/10\/madame-1024x768.jpg\" alt=\"\" class=\"wp-image-133\" srcset=\"https:\/\/lacompaniadelupe.com\/wp-content\/uploads\/2020\/10\/madame-1024x768.jpg 1024w, https:\/\/lacompaniadelupe.com\/wp-content\/uploads\/2020\/10\/madame-300x225.jpg 300w, https:\/\/lacompaniadelupe.com\/wp-content\/uploads\/2020\/10\/madame-768x576.jpg 768w, https:\/\/lacompaniadelupe.com\/wp-content\/uploads\/2020\/10\/madame-1200x900.jpg 1200w, https:\/\/lacompaniadelupe.com\/wp-content\/uploads\/2020\/10\/madame.jpg 1488w\" sizes=\"auto, (max-width: 1024px) 100vw, 1024px\" \/><figcaption class=\"wp-element-caption\">Madame Puttone<\/figcaption><\/figure><\/div>\n\n<div class=\"wp-block-image\">\n<figure class=\"aligncenter size-large is-resized\"><img loading=\"lazy\" decoding=\"async\" width=\"510\" height=\"383\" src=\"https:\/\/lacompaniadelupe.com\/wp-content\/uploads\/2020\/10\/joe_tumbas.jpg\" alt=\"\" class=\"wp-image-134\" style=\"width:609px;height:457px\" srcset=\"https:\/\/lacompaniadelupe.com\/wp-content\/uploads\/2020\/10\/joe_tumbas.jpg 510w, https:\/\/lacompaniadelupe.com\/wp-content\/uploads\/2020\/10\/joe_tumbas-300x225.jpg 300w\" sizes=\"auto, (max-width: 510px) 100vw, 510px\" \/><figcaption class=\"wp-element-caption\">Joe \u00abEl Tumbas\u00bb<\/figcaption><\/figure><\/div>\n\n<div class=\"wp-block-image\">\n<figure class=\"aligncenter size-large is-resized\"><img loading=\"lazy\" decoding=\"async\" width=\"510\" height=\"383\" src=\"https:\/\/lacompaniadelupe.com\/wp-content\/uploads\/2020\/10\/ignatius.jpg\" alt=\"\" class=\"wp-image-135\" style=\"width:607px;height:456px\" srcset=\"https:\/\/lacompaniadelupe.com\/wp-content\/uploads\/2020\/10\/ignatius.jpg 510w, https:\/\/lacompaniadelupe.com\/wp-content\/uploads\/2020\/10\/ignatius-300x225.jpg 300w\" sizes=\"auto, (max-width: 510px) 100vw, 510px\" \/><figcaption class=\"wp-element-caption\">Ignatius Doyle<\/figcaption><\/figure><\/div>\n\n\n<p><strong>Lola Kabarett<\/strong><\/p>\n\n\n\n<p><strong>Nuestra nueva aventura transcurre en la noche de fin a\u00f1o del Berl\u00edn de lo a\u00f1os 30<\/strong>.<\/p>\n\n\n<div class=\"wp-block-image\">\n<figure class=\"aligncenter size-full\"><img loading=\"lazy\" decoding=\"async\" width=\"455\" height=\"739\" src=\"https:\/\/lacompaniadelupe.com\/wp-content\/uploads\/2024\/06\/lola.jpg\" alt=\"\" class=\"wp-image-327\" srcset=\"https:\/\/lacompaniadelupe.com\/wp-content\/uploads\/2024\/06\/lola.jpg 455w, https:\/\/lacompaniadelupe.com\/wp-content\/uploads\/2024\/06\/lola-185x300.jpg 185w\" sizes=\"auto, (max-width: 455px) 100vw, 455px\" \/><\/figure><\/div>\n\n\n<p><strong>Alguien ha desaparecido y todos tienen un pasado oculto. Podr\u00eda ser el presentador Artemise Dunkel, sobrino de Adolf Hitler; el ventr\u00edlocuo Aaron Saliman junto con su mu\u00f1eco Harvey; quiz\u00e1s Ramona Meyer, amante de jerarcas del partido nazi; Helmut, el camarero h\u00e9roe de la Primera Guerra Mundial; o el enigm\u00e1tico Varonexxa.<\/strong><\/p>\n\n\n\n<p><strong>Una Escape Room con un espect\u00e1culo muy divertido<\/strong>.<\/p>\n\n\n\n<h2 class=\"wp-block-heading\">Escape Collserola<\/h2>\n\n\n\n<figure class=\"wp-block-image size-large\"><img loading=\"lazy\" decoding=\"async\" width=\"1024\" height=\"693\" src=\"https:\/\/lacompaniadelupe.com\/wp-content\/uploads\/2022\/11\/cartel_escape-1024x693.jpg\" alt=\"\" class=\"wp-image-286\" srcset=\"https:\/\/lacompaniadelupe.com\/wp-content\/uploads\/2022\/11\/cartel_escape-1024x693.jpg 1024w, https:\/\/lacompaniadelupe.com\/wp-content\/uploads\/2022\/11\/cartel_escape-300x203.jpg 300w, https:\/\/lacompaniadelupe.com\/wp-content\/uploads\/2022\/11\/cartel_escape-768x520.jpg 768w, https:\/\/lacompaniadelupe.com\/wp-content\/uploads\/2022\/11\/cartel_escape-1536x1040.jpg 1536w, https:\/\/lacompaniadelupe.com\/wp-content\/uploads\/2022\/11\/cartel_escape-1200x813.jpg 1200w, https:\/\/lacompaniadelupe.com\/wp-content\/uploads\/2022\/11\/cartel_escape.jpg 1831w\" sizes=\"auto, (max-width: 1024px) 100vw, 1024px\" \/><\/figure>\n\n\n\n<p><strong>El pasado 10 de junio estrenamos Escape Collserola, con una participaci\u00f3n de 25 equipos. La aventura fue posible gracias a la colaboraci\u00f3n de la Asociaci\u00f3n de Vecinos Canaletes de Cerdanyola del Vall\u00e8s.<\/strong><\/p>\n\n\n\n<figure class=\"wp-block-gallery has-nested-images columns-default is-cropped wp-block-gallery-1 is-layout-flex wp-block-gallery-is-layout-flex\">\n<figure class=\"wp-block-image size-large\"><img loading=\"lazy\" decoding=\"async\" width=\"1024\" height=\"768\" data-id=\"291\" src=\"https:\/\/lacompaniadelupe.com\/wp-content\/uploads\/2022\/11\/jue01-1024x768.jpg\" alt=\"\" class=\"wp-image-291\" srcset=\"https:\/\/lacompaniadelupe.com\/wp-content\/uploads\/2022\/11\/jue01-1024x768.jpg 1024w, https:\/\/lacompaniadelupe.com\/wp-content\/uploads\/2022\/11\/jue01-300x225.jpg 300w, https:\/\/lacompaniadelupe.com\/wp-content\/uploads\/2022\/11\/jue01-768x576.jpg 768w, https:\/\/lacompaniadelupe.com\/wp-content\/uploads\/2022\/11\/jue01-1536x1152.jpg 1536w, https:\/\/lacompaniadelupe.com\/wp-content\/uploads\/2022\/11\/jue01-2048x1536.jpg 2048w, https:\/\/lacompaniadelupe.com\/wp-content\/uploads\/2022\/11\/jue01-1200x900.jpg 1200w, https:\/\/lacompaniadelupe.com\/wp-content\/uploads\/2022\/11\/jue01-1980x1485.jpg 1980w\" sizes=\"auto, (max-width: 1024px) 100vw, 1024px\" \/><\/figure>\n\n\n\n<figure class=\"wp-block-image size-large\"><img loading=\"lazy\" decoding=\"async\" width=\"1024\" height=\"768\" data-id=\"292\" src=\"https:\/\/lacompaniadelupe.com\/wp-content\/uploads\/2022\/11\/jue02.jpg\" alt=\"\" class=\"wp-image-292\" srcset=\"https:\/\/lacompaniadelupe.com\/wp-content\/uploads\/2022\/11\/jue02.jpg 1024w, https:\/\/lacompaniadelupe.com\/wp-content\/uploads\/2022\/11\/jue02-300x225.jpg 300w, https:\/\/lacompaniadelupe.com\/wp-content\/uploads\/2022\/11\/jue02-768x576.jpg 768w\" sizes=\"auto, (max-width: 1024px) 100vw, 1024px\" \/><\/figure>\n\n\n\n<figure class=\"wp-block-image size-large\"><img loading=\"lazy\" decoding=\"async\" width=\"1024\" height=\"768\" data-id=\"293\" src=\"https:\/\/lacompaniadelupe.com\/wp-content\/uploads\/2022\/11\/jue03.jpg\" alt=\"\" class=\"wp-image-293\" srcset=\"https:\/\/lacompaniadelupe.com\/wp-content\/uploads\/2022\/11\/jue03.jpg 1024w, https:\/\/lacompaniadelupe.com\/wp-content\/uploads\/2022\/11\/jue03-300x225.jpg 300w, https:\/\/lacompaniadelupe.com\/wp-content\/uploads\/2022\/11\/jue03-768x576.jpg 768w\" sizes=\"auto, (max-width: 1024px) 100vw, 1024px\" \/><\/figure>\n\n\n\n<figure class=\"wp-block-image size-large\"><img loading=\"lazy\" decoding=\"async\" width=\"1024\" height=\"768\" data-id=\"294\" src=\"https:\/\/lacompaniadelupe.com\/wp-content\/uploads\/2022\/11\/jue04.jpg\" alt=\"\" class=\"wp-image-294\" srcset=\"https:\/\/lacompaniadelupe.com\/wp-content\/uploads\/2022\/11\/jue04.jpg 1024w, https:\/\/lacompaniadelupe.com\/wp-content\/uploads\/2022\/11\/jue04-300x225.jpg 300w, https:\/\/lacompaniadelupe.com\/wp-content\/uploads\/2022\/11\/jue04-768x576.jpg 768w\" sizes=\"auto, (max-width: 1024px) 100vw, 1024px\" \/><\/figure>\n\n\n\n<figure class=\"wp-block-image size-large\"><img loading=\"lazy\" decoding=\"async\" width=\"1024\" height=\"768\" data-id=\"295\" src=\"https:\/\/lacompaniadelupe.com\/wp-content\/uploads\/2022\/11\/part01-1-1024x768.jpg\" alt=\"\" class=\"wp-image-295\" srcset=\"https:\/\/lacompaniadelupe.com\/wp-content\/uploads\/2022\/11\/part01-1-1024x768.jpg 1024w, https:\/\/lacompaniadelupe.com\/wp-content\/uploads\/2022\/11\/part01-1-300x225.jpg 300w, https:\/\/lacompaniadelupe.com\/wp-content\/uploads\/2022\/11\/part01-1-768x576.jpg 768w, https:\/\/lacompaniadelupe.com\/wp-content\/uploads\/2022\/11\/part01-1-1536x1152.jpg 1536w, https:\/\/lacompaniadelupe.com\/wp-content\/uploads\/2022\/11\/part01-1-2048x1536.jpg 2048w, https:\/\/lacompaniadelupe.com\/wp-content\/uploads\/2022\/11\/part01-1-1200x900.jpg 1200w, https:\/\/lacompaniadelupe.com\/wp-content\/uploads\/2022\/11\/part01-1-1980x1485.jpg 1980w\" sizes=\"auto, (max-width: 1024px) 100vw, 1024px\" \/><\/figure>\n\n\n\n<figure class=\"wp-block-image size-large\"><img loading=\"lazy\" decoding=\"async\" width=\"1024\" height=\"768\" data-id=\"296\" src=\"https:\/\/lacompaniadelupe.com\/wp-content\/uploads\/2022\/11\/part02-1-1024x768.jpg\" alt=\"\" class=\"wp-image-296\" srcset=\"https:\/\/lacompaniadelupe.com\/wp-content\/uploads\/2022\/11\/part02-1-1024x768.jpg 1024w, https:\/\/lacompaniadelupe.com\/wp-content\/uploads\/2022\/11\/part02-1-300x225.jpg 300w, https:\/\/lacompaniadelupe.com\/wp-content\/uploads\/2022\/11\/part02-1-768x576.jpg 768w, https:\/\/lacompaniadelupe.com\/wp-content\/uploads\/2022\/11\/part02-1-1536x1152.jpg 1536w, https:\/\/lacompaniadelupe.com\/wp-content\/uploads\/2022\/11\/part02-1-2048x1536.jpg 2048w, https:\/\/lacompaniadelupe.com\/wp-content\/uploads\/2022\/11\/part02-1-1200x900.jpg 1200w, https:\/\/lacompaniadelupe.com\/wp-content\/uploads\/2022\/11\/part02-1-1980x1485.jpg 1980w\" sizes=\"auto, (max-width: 1024px) 100vw, 1024px\" \/><\/figure>\n\n\n\n<figure class=\"wp-block-image size-large\"><img loading=\"lazy\" decoding=\"async\" width=\"1024\" height=\"768\" data-id=\"297\" src=\"https:\/\/lacompaniadelupe.com\/wp-content\/uploads\/2022\/11\/vol01-1-1024x768.jpg\" alt=\"\" class=\"wp-image-297\" srcset=\"https:\/\/lacompaniadelupe.com\/wp-content\/uploads\/2022\/11\/vol01-1-1024x768.jpg 1024w, https:\/\/lacompaniadelupe.com\/wp-content\/uploads\/2022\/11\/vol01-1-300x225.jpg 300w, https:\/\/lacompaniadelupe.com\/wp-content\/uploads\/2022\/11\/vol01-1-768x576.jpg 768w, https:\/\/lacompaniadelupe.com\/wp-content\/uploads\/2022\/11\/vol01-1-1536x1152.jpg 1536w, https:\/\/lacompaniadelupe.com\/wp-content\/uploads\/2022\/11\/vol01-1-1200x900.jpg 1200w, https:\/\/lacompaniadelupe.com\/wp-content\/uploads\/2022\/11\/vol01-1-1980x1485.jpg 1980w, https:\/\/lacompaniadelupe.com\/wp-content\/uploads\/2022\/11\/vol01-1.jpg 2048w\" sizes=\"auto, (max-width: 1024px) 100vw, 1024px\" \/><\/figure>\n\n\n\n<figure class=\"wp-block-image size-large\"><img loading=\"lazy\" decoding=\"async\" width=\"768\" height=\"1024\" data-id=\"298\" src=\"https:\/\/lacompaniadelupe.com\/wp-content\/uploads\/2022\/11\/vol02-1.jpg\" alt=\"\" class=\"wp-image-298\" srcset=\"https:\/\/lacompaniadelupe.com\/wp-content\/uploads\/2022\/11\/vol02-1.jpg 768w, https:\/\/lacompaniadelupe.com\/wp-content\/uploads\/2022\/11\/vol02-1-225x300.jpg 225w\" sizes=\"auto, (max-width: 768px) 100vw, 768px\" \/><\/figure>\n<\/figure>\n\n\n\n<p><strong>Volvemos a la carga con una nueva aventura<\/strong>.<\/p>\n\n\n\n<figure class=\"wp-block-gallery has-nested-images columns-default is-cropped wp-block-gallery-2 is-layout-flex wp-block-gallery-is-layout-flex\">\n<figure class=\"wp-block-image size-large\"><img loading=\"lazy\" decoding=\"async\" width=\"1024\" height=\"685\" data-id=\"312\" src=\"https:\/\/lacompaniadelupe.com\/wp-content\/uploads\/2024\/06\/cartell_escape23-1024x685.jpg\" alt=\"\" class=\"wp-image-312\" srcset=\"https:\/\/lacompaniadelupe.com\/wp-content\/uploads\/2024\/06\/cartell_escape23-1024x685.jpg 1024w, https:\/\/lacompaniadelupe.com\/wp-content\/uploads\/2024\/06\/cartell_escape23-300x201.jpg 300w, https:\/\/lacompaniadelupe.com\/wp-content\/uploads\/2024\/06\/cartell_escape23-768x514.jpg 768w, https:\/\/lacompaniadelupe.com\/wp-content\/uploads\/2024\/06\/cartell_escape23-1200x803.jpg 1200w, https:\/\/lacompaniadelupe.com\/wp-content\/uploads\/2024\/06\/cartell_escape23.jpg 1300w\" sizes=\"auto, (max-width: 1024px) 100vw, 1024px\" \/><\/figure>\n<\/figure>\n\n\n\n<p><strong>Sinopsis de la aventura: <\/strong><\/p>\n\n\n\n<p><strong>El 22 enero todos los organismos oficiales de la Rep\u00fablica y la Generalitat hab\u00edan sido evacuados, mientras los restos del ej\u00e9rcito republicano intentaban defender\u00a0sin \u00e9xito la l\u00ednea del r\u00edo Llobregat.<\/strong><\/p>\n\n\n\n<p><strong>El gobierno de Negr\u00edn espera una posible entrada de Francia en el conflicto.<\/strong><\/p>\n\n\n\n<p><strong>Pau Recasens, natural de la pobla de Lillet y perteneciente a las levas llamadas \u201cla quinta del biber\u00f3n\u201d, espera ordenes en la Capitan\u00eda General de Barcelona.<\/strong><\/p>\n\n\n\n<p><strong>La noche del 25 enero, todas las l\u00edneas est\u00e1n cortadas. Solo quedan unos pocos en la Capitan\u00eda. Pau, recibe la orden de enviar un mensaje muy importante.<\/strong><\/p>\n\n\n\n<figure class=\"wp-block-gallery has-nested-images columns-default is-cropped wp-block-gallery-3 is-layout-flex wp-block-gallery-is-layout-flex\">\n<figure class=\"wp-block-image size-large\"><img loading=\"lazy\" decoding=\"async\" width=\"1024\" height=\"768\" data-id=\"315\" src=\"https:\/\/lacompaniadelupe.com\/wp-content\/uploads\/2024\/06\/20230616_224147-1024x768.jpg\" alt=\"\" class=\"wp-image-315\" srcset=\"https:\/\/lacompaniadelupe.com\/wp-content\/uploads\/2024\/06\/20230616_224147-1024x768.jpg 1024w, https:\/\/lacompaniadelupe.com\/wp-content\/uploads\/2024\/06\/20230616_224147-300x225.jpg 300w, https:\/\/lacompaniadelupe.com\/wp-content\/uploads\/2024\/06\/20230616_224147-768x576.jpg 768w, https:\/\/lacompaniadelupe.com\/wp-content\/uploads\/2024\/06\/20230616_224147-1536x1152.jpg 1536w, https:\/\/lacompaniadelupe.com\/wp-content\/uploads\/2024\/06\/20230616_224147-2048x1536.jpg 2048w, https:\/\/lacompaniadelupe.com\/wp-content\/uploads\/2024\/06\/20230616_224147-1200x900.jpg 1200w, https:\/\/lacompaniadelupe.com\/wp-content\/uploads\/2024\/06\/20230616_224147-1980x1485.jpg 1980w\" sizes=\"auto, (max-width: 1024px) 100vw, 1024px\" \/><\/figure>\n<\/figure>\n\n\n\n<p><strong>Gracias a todos los participantes y colaboradores de la Asociaci\u00f3n de vecinos de Canaletes por este nuevo \u00e9xito.<\/strong><\/p>\n\n\n\n<figure class=\"wp-block-image size-large\"><img loading=\"lazy\" decoding=\"async\" width=\"768\" height=\"1024\" src=\"https:\/\/lacompaniadelupe.com\/wp-content\/uploads\/2024\/06\/20230616_225217-1-768x1024.jpg\" alt=\"\" class=\"wp-image-317\" srcset=\"https:\/\/lacompaniadelupe.com\/wp-content\/uploads\/2024\/06\/20230616_225217-1-768x1024.jpg 768w, https:\/\/lacompaniadelupe.com\/wp-content\/uploads\/2024\/06\/20230616_225217-1-225x300.jpg 225w, https:\/\/lacompaniadelupe.com\/wp-content\/uploads\/2024\/06\/20230616_225217-1-1152x1536.jpg 1152w, https:\/\/lacompaniadelupe.com\/wp-content\/uploads\/2024\/06\/20230616_225217-1-1536x2048.jpg 1536w, https:\/\/lacompaniadelupe.com\/wp-content\/uploads\/2024\/06\/20230616_225217-1-1200x1600.jpg 1200w, https:\/\/lacompaniadelupe.com\/wp-content\/uploads\/2024\/06\/20230616_225217-1-1980x2640.jpg 1980w, https:\/\/lacompaniadelupe.com\/wp-content\/uploads\/2024\/06\/20230616_225217-1-scaled.jpg 1920w\" sizes=\"auto, (max-width: 768px) 100vw, 768px\" \/><\/figure>\n\n\n\n<p><strong>No tenemos remedio. Otro a\u00f1os m\u00e1s con una nueva aventura.<\/strong><\/p>\n\n\n\n<figure class=\"wp-block-image size-large\"><img loading=\"lazy\" decoding=\"async\" width=\"677\" height=\"1024\" src=\"https:\/\/lacompaniadelupe.com\/wp-content\/uploads\/2024\/06\/cartell_escape_24_final-677x1024.jpg\" alt=\"\" class=\"wp-image-321\" srcset=\"https:\/\/lacompaniadelupe.com\/wp-content\/uploads\/2024\/06\/cartell_escape_24_final-677x1024.jpg 677w, https:\/\/lacompaniadelupe.com\/wp-content\/uploads\/2024\/06\/cartell_escape_24_final-198x300.jpg 198w, https:\/\/lacompaniadelupe.com\/wp-content\/uploads\/2024\/06\/cartell_escape_24_final-768x1162.jpg 768w, https:\/\/lacompaniadelupe.com\/wp-content\/uploads\/2024\/06\/cartell_escape_24_final-1015x1536.jpg 1015w, https:\/\/lacompaniadelupe.com\/wp-content\/uploads\/2024\/06\/cartell_escape_24_final-1200x1816.jpg 1200w, https:\/\/lacompaniadelupe.com\/wp-content\/uploads\/2024\/06\/cartell_escape_24_final.jpg 1235w\" sizes=\"auto, (max-width: 677px) 100vw, 677px\" \/><\/figure>\n\n\n\n<p><strong>El pasado 7 de junio volvimos a colgar \u00abInscripciones Agotadas\u00bb<\/strong><\/p>\n\n\n\n<p>Este a<strong>\u00f1o nuestro escape se ha trasladado a la \u00e9poca vikinga.<\/strong><\/p>\n\n\n\n<p><strong>Sinopsis: En la ma\u00f1ana del 8 de junio los vikingos lanzaron un ataque al monasterio en la isla de Lindisfarne al norte de Gran Breta\u00f1a.<\/strong><\/p>\n\n\n\n<p><strong>Hemos recibido una cr\u00f3nica de Alcuino un anglosaj\u00f3n que se encontraba en Aquisgr\u00e1n en la corte de Carlomagno acerca de los ataque.<\/strong><\/p>\n\n\n\n<p><strong>En medio de la batalla un monje moribundo logr\u00f3 acercarse al drakkar, sustrajo las piedras solares y las ocult\u00f3 antes de fallecer.<\/strong><\/p>\n\n\n\n<p><strong>Sin esas piedras los vikingos no podr\u00e1n regresar a casa.<\/strong><\/p>\n\n\n\n<figure class=\"wp-block-image size-large\"><img loading=\"lazy\" decoding=\"async\" width=\"769\" height=\"1024\" src=\"https:\/\/lacompaniadelupe.com\/wp-content\/uploads\/2024\/06\/IMG-20240607-WA0024-769x1024.jpg\" alt=\"\" class=\"wp-image-324\" srcset=\"https:\/\/lacompaniadelupe.com\/wp-content\/uploads\/2024\/06\/IMG-20240607-WA0024-769x1024.jpg 769w, https:\/\/lacompaniadelupe.com\/wp-content\/uploads\/2024\/06\/IMG-20240607-WA0024-225x300.jpg 225w, https:\/\/lacompaniadelupe.com\/wp-content\/uploads\/2024\/06\/IMG-20240607-WA0024-768x1023.jpg 768w, https:\/\/lacompaniadelupe.com\/wp-content\/uploads\/2024\/06\/IMG-20240607-WA0024-1153x1536.jpg 1153w, https:\/\/lacompaniadelupe.com\/wp-content\/uploads\/2024\/06\/IMG-20240607-WA0024.jpg 1201w\" sizes=\"auto, (max-width: 769px) 100vw, 769px\" \/><\/figure>\n\n\n\n<p><strong>Gracias por la inestimable colaboraci\u00f3n a la Asociaci\u00f3n de Vecinos de Canaletes.<\/strong><\/p>\n","protected":false},"excerpt":{"rendered":"<p>Asesinato en Milton Road Un asesino&#8230;una verdad por descubrir. \u00bfEl mal nunca queda sin castigo. O s\u00ed&#8230;? Alguien ha cometido un asesinato, todos son sospechosos. Una aventura tem\u00e1tica ambientada en la \u00e9poca victoriana. Los personajes principales Lola Kabarett Nuestra nueva aventura transcurre en la noche de fin a\u00f1o del Berl\u00edn de lo a\u00f1os 30. Alguien [&hellip;]<\/p>\n","protected":false},"author":1,"featured_media":200,"parent":0,"menu_order":0,"comment_status":"closed","ping_status":"closed","template":"","meta":{"footnotes":""},"class_list":["post-131","page","type-page","status-publish","has-post-thumbnail","hentry"],"yoast_head":"<!-- This site is optimized with the Yoast SEO plugin v15.1.1 - https:\/\/yoast.com\/wordpress\/plugins\/seo\/ -->\n<title>Aventuras tem\u00e1ticas - La Compa\u00f1ia de Lupe<\/title>\n<meta name=\"description\" content=\"Descripci\u00f3n de la \u00faltima aventura tem\u00e1tica &quot;asesinato en MIlton Road&quot;. Un asesinato un unico culpable, todos son sospechosos.\" \/>\n<meta name=\"robots\" content=\"index, follow, max-snippet:-1, max-image-preview:large, max-video-preview:-1\" \/>\n<link rel=\"canonical\" href=\"https:\/\/lacompaniadelupe.com\/index.php\/aventuras-tematicas\/\" \/>\n<meta property=\"og:locale\" content=\"es_ES\" \/>\n<meta property=\"og:type\" content=\"article\" \/>\n<meta property=\"og:title\" content=\"Aventuras tem\u00e1ticas - La Compa\u00f1ia de Lupe\" \/>\n<meta property=\"og:description\" content=\"Descripci\u00f3n de la \u00faltima aventura tem\u00e1tica &quot;asesinato en MIlton Road&quot;. Un asesinato un unico culpable, todos son sospechosos.\" \/>\n<meta property=\"og:url\" content=\"https:\/\/lacompaniadelupe.com\/index.php\/aventuras-tematicas\/\" \/>\n<meta property=\"og:site_name\" content=\"La Compa\u00f1ia de Lupe\" \/>\n<meta property=\"article:publisher\" content=\"https:\/\/www.facebook.com\/lacompaniadelupe\/\" \/>\n<meta property=\"article:modified_time\" content=\"2024-06-18T15:43:06+00:00\" \/>\n<meta property=\"og:image\" content=\"https:\/\/lacompaniadelupe.com\/wp-content\/uploads\/2020\/10\/vampiro.jpg\" \/>\n\t<meta property=\"og:image:width\" content=\"510\" \/>\n\t<meta property=\"og:image:height\" content=\"340\" \/>\n<meta name=\"twitter:card\" content=\"summary_large_image\" \/>\n<meta name=\"twitter:description\" content=\"Descripci\u00f3n de la \u00faltima aventura tem\u00e1tica &quot;asesinato en MIlton Road&quot;. Un asesinato un unico culpable, todos son sospechosos.\" \/>\n<meta name=\"twitter:image\" content=\"https:\/\/lacompaniadelupe.com\/wp-content\/uploads\/2020\/10\/vampiro.jpg\" \/>\n<script type=\"application\/ld+json\" class=\"yoast-schema-graph\">{\"@context\":\"https:\/\/schema.org\",\"@graph\":[{\"@type\":\"Organization\",\"@id\":\"https:\/\/lacompaniadelupe.com\/#organization\",\"name\":\"La Compa\\u00f1ia de Lupe\",\"url\":\"https:\/\/lacompaniadelupe.com\/\",\"sameAs\":[\"https:\/\/www.facebook.com\/lacompaniadelupe\/\",\"https:\/\/www.youtube.com\/channel\/UCd0RzECLfuVDtvf2xhSRvXA\"],\"logo\":{\"@type\":\"ImageObject\",\"@id\":\"https:\/\/lacompaniadelupe.com\/#logo\",\"inLanguage\":\"es\",\"url\":\"https:\/\/lacompaniadelupe.com\/wp-content\/uploads\/2020\/10\/logo-e1602354555723.png\",\"width\":400,\"height\":270,\"caption\":\"La Compa\\u00f1ia de Lupe\"},\"image\":{\"@id\":\"https:\/\/lacompaniadelupe.com\/#logo\"}},{\"@type\":\"WebSite\",\"@id\":\"https:\/\/lacompaniadelupe.com\/#website\",\"url\":\"https:\/\/lacompaniadelupe.com\/\",\"name\":\"La Compa\\u00f1ia de Lupe\",\"description\":\"\",\"publisher\":{\"@id\":\"https:\/\/lacompaniadelupe.com\/#organization\"},\"potentialAction\":[{\"@type\":\"SearchAction\",\"target\":\"https:\/\/lacompaniadelupe.com\/?s={search_term_string}\",\"query-input\":\"required name=search_term_string\"}],\"inLanguage\":\"es\"},{\"@type\":\"ImageObject\",\"@id\":\"https:\/\/lacompaniadelupe.com\/index.php\/aventuras-tematicas\/#primaryimage\",\"inLanguage\":\"es\",\"url\":\"https:\/\/lacompaniadelupe.com\/wp-content\/uploads\/2020\/10\/vampiro.jpg\",\"width\":510,\"height\":340},{\"@type\":\"WebPage\",\"@id\":\"https:\/\/lacompaniadelupe.com\/index.php\/aventuras-tematicas\/#webpage\",\"url\":\"https:\/\/lacompaniadelupe.com\/index.php\/aventuras-tematicas\/\",\"name\":\"Aventuras tem\\u00e1ticas - La Compa\\u00f1ia de Lupe\",\"isPartOf\":{\"@id\":\"https:\/\/lacompaniadelupe.com\/#website\"},\"primaryImageOfPage\":{\"@id\":\"https:\/\/lacompaniadelupe.com\/index.php\/aventuras-tematicas\/#primaryimage\"},\"datePublished\":\"2020-10-18T19:16:41+00:00\",\"dateModified\":\"2024-06-18T15:43:06+00:00\",\"description\":\"Descripci\\u00f3n de la \\u00faltima aventura tem\\u00e1tica \\\"asesinato en MIlton Road\\\". Un asesinato un unico culpable, todos son sospechosos.\",\"inLanguage\":\"es\",\"potentialAction\":[{\"@type\":\"ReadAction\",\"target\":[\"https:\/\/lacompaniadelupe.com\/index.php\/aventuras-tematicas\/\"]}]}]}<\/script>\n<!-- \/ Yoast SEO plugin. -->","_links":{"self":[{"href":"https:\/\/lacompaniadelupe.com\/index.php\/wp-json\/wp\/v2\/pages\/131","targetHints":{"allow":["GET"]}}],"collection":[{"href":"https:\/\/lacompaniadelupe.com\/index.php\/wp-json\/wp\/v2\/pages"}],"about":[{"href":"https:\/\/lacompaniadelupe.com\/index.php\/wp-json\/wp\/v2\/types\/page"}],"author":[{"embeddable":true,"href":"https:\/\/lacompaniadelupe.com\/index.php\/wp-json\/wp\/v2\/users\/1"}],"replies":[{"embeddable":true,"href":"https:\/\/lacompaniadelupe.com\/index.php\/wp-json\/wp\/v2\/comments?post=131"}],"version-history":[{"count":24,"href":"https:\/\/lacompaniadelupe.com\/index.php\/wp-json\/wp\/v2\/pages\/131\/revisions"}],"predecessor-version":[{"id":328,"href":"https:\/\/lacompaniadelupe.com\/index.php\/wp-json\/wp\/v2\/pages\/131\/revisions\/328"}],"wp:featuredmedia":[{"embeddable":true,"href":"https:\/\/lacompaniadelupe.com\/index.php\/wp-json\/wp\/v2\/media\/200"}],"wp:attachment":[{"href":"https:\/\/lacompaniadelupe.com\/index.php\/wp-json\/wp\/v2\/media?parent=131"}],"curies":[{"name":"wp","href":"https:\/\/api.w.org\/{rel}","templated":true}]}}