{"id":18,"date":"2020-10-10T11:42:12","date_gmt":"2020-10-10T11:42:12","guid":{"rendered":"https:\/\/lacompaniadelupe.com\/?page_id=18"},"modified":"2024-02-18T16:41:07","modified_gmt":"2024-02-18T16:41:07","slug":"contact","status":"publish","type":"page","link":"https:\/\/lacompaniadelupe.com\/index.php\/contact\/","title":{"rendered":"Contacto"},"content":{"rendered":"\n<h5 class=\"wp-block-heading\">La Compa\u00f1\u00eda de Lupe<\/h5>\n\n\n<div class=\"wpforms-container wpforms-container-full wpforms-block\" id=\"wpforms-217\"><form id=\"wpforms-form-217\" class=\"wpforms-validate wpforms-form\" data-formid=\"217\" method=\"post\" enctype=\"multipart\/form-data\" action=\"\/index.php\/wp-json\/wp\/v2\/pages\/18\" data-token=\"6a7e0a49d95ba9fbff3485847d14bb8d\"><noscript class=\"wpforms-error-noscript\">Por favor, activa JavaScript en tu navegador para completar este formulario.<\/noscript><div class=\"wpforms-field-container\"><div id=\"wpforms-217-field_0-container\" class=\"wpforms-field wpforms-field-name\" data-field-id=\"0\"><label class=\"wpforms-field-label\" for=\"wpforms-217-field_0\">Nombre <span class=\"wpforms-required-label\">*<\/span><\/label><input type=\"text\" id=\"wpforms-217-field_0\" class=\"wpforms-field-medium wpforms-field-required\" name=\"wpforms[fields][0]\" required><\/div><div id=\"wpforms-217-field_1-container\" class=\"wpforms-field wpforms-field-email\" data-field-id=\"1\"><label class=\"wpforms-field-label\" for=\"wpforms-217-field_1\">Email <span class=\"wpforms-required-label\">*<\/span><\/label><input type=\"email\" id=\"wpforms-217-field_1\" class=\"wpforms-field-medium wpforms-field-required\" name=\"wpforms[fields][1]\" spellcheck=\"false\" required><\/div><div id=\"wpforms-217-field_2-container\" class=\"wpforms-field wpforms-field-textarea\" data-field-id=\"2\"><label class=\"wpforms-field-label\" for=\"wpforms-217-field_2\">Contenido del mensaje <span class=\"wpforms-required-label\">*<\/span><\/label><textarea id=\"wpforms-217-field_2\" class=\"wpforms-field-medium wpforms-field-required\" name=\"wpforms[fields][2]\" required><\/textarea><\/div><\/div><!-- .wpforms-field-container --><div class=\"wpforms-submit-container\" ><input type=\"hidden\" name=\"wpforms[id]\" value=\"217\"><input type=\"hidden\" name=\"wpforms[author]\" value=\"1\"><button type=\"submit\" name=\"wpforms[submit]\" id=\"wpforms-submit-217\" class=\"wpforms-submit\" data-alt-text=\"Enviar...\" data-submit-text=\"Enviar\" aria-live=\"assertive\" value=\"wpforms-submit\">Enviar<\/button><\/div><\/form><\/div>  <!-- .wpforms-container -->\n\n\n<p><\/p>\n","protected":false},"excerpt":{"rendered":"<p>La Compa\u00f1\u00eda de Lupe<\/p>\n","protected":false},"author":1,"featured_media":215,"parent":0,"menu_order":0,"comment_status":"closed","ping_status":"closed","template":"","meta":{"footnotes":""},"class_list":["post-18","page","type-page","status-publish","has-post-thumbnail","hentry"],"yoast_head":"<!-- This site is optimized with the Yoast SEO plugin v15.1.1 - https:\/\/yoast.com\/wordpress\/plugins\/seo\/ -->\n<title>Contacto - La Compa\u00f1ia de Lupe<\/title>\n<meta name=\"description\" content=\"Formulario de contacto para solicitar informaci\u00f3n y presupuesto, sobre la creaci\u00f3n de contenidos audiovisuales o aventuras tem\u00e1ticas\" \/>\n<meta name=\"robots\" content=\"index, follow, max-snippet:-1, max-image-preview:large, max-video-preview:-1\" \/>\n<link rel=\"canonical\" href=\"https:\/\/lacompaniadelupe.com\/index.php\/contact\/\" \/>\n<meta property=\"og:locale\" content=\"es_ES\" \/>\n<meta property=\"og:type\" content=\"article\" \/>\n<meta property=\"og:title\" content=\"Contacto - La Compa\u00f1ia de Lupe\" \/>\n<meta property=\"og:description\" content=\"Formulario para la solicitud de informaci\u00f3n sobre la creaci\u00f3n de contenidos audiovisuales o aventuras tem\u00e1ticas\" \/>\n<meta property=\"og:url\" content=\"https:\/\/lacompaniadelupe.com\/index.php\/contact\/\" \/>\n<meta property=\"og:site_name\" content=\"La Compa\u00f1ia de Lupe\" \/>\n<meta property=\"article:publisher\" content=\"https:\/\/www.facebook.com\/lacompaniadelupe\/\" \/>\n<meta property=\"article:modified_time\" content=\"2024-02-18T16:41:07+00:00\" \/>\n<meta property=\"og:image\" content=\"https:\/\/lacompaniadelupe.com\/wp-content\/uploads\/2020\/10\/carta.jpg\" \/>\n\t<meta property=\"og:image:width\" content=\"564\" \/>\n\t<meta property=\"og:image:height\" content=\"368\" \/>\n<meta name=\"twitter:card\" content=\"summary_large_image\" \/>\n<meta name=\"twitter:description\" content=\"Formulario para la solicitud de informaci\u00f3n sobre la creaci\u00f3n de contenidos audiovisuales o aventuras tem\u00e1ticas\" \/>\n<meta name=\"twitter:image\" content=\"https:\/\/lacompaniadelupe.com\/wp-content\/uploads\/2020\/10\/carta.jpg\" \/>\n<script type=\"application\/ld+json\" class=\"yoast-schema-graph\">{\"@context\":\"https:\/\/schema.org\",\"@graph\":[{\"@type\":\"Organization\",\"@id\":\"https:\/\/lacompaniadelupe.com\/#organization\",\"name\":\"La Compa\\u00f1ia de Lupe\",\"url\":\"https:\/\/lacompaniadelupe.com\/\",\"sameAs\":[\"https:\/\/www.facebook.com\/lacompaniadelupe\/\",\"https:\/\/www.youtube.com\/channel\/UCd0RzECLfuVDtvf2xhSRvXA\"],\"logo\":{\"@type\":\"ImageObject\",\"@id\":\"https:\/\/lacompaniadelupe.com\/#logo\",\"inLanguage\":\"es\",\"url\":\"https:\/\/lacompaniadelupe.com\/wp-content\/uploads\/2020\/10\/logo-e1602354555723.png\",\"width\":400,\"height\":270,\"caption\":\"La Compa\\u00f1ia de Lupe\"},\"image\":{\"@id\":\"https:\/\/lacompaniadelupe.com\/#logo\"}},{\"@type\":\"WebSite\",\"@id\":\"https:\/\/lacompaniadelupe.com\/#website\",\"url\":\"https:\/\/lacompaniadelupe.com\/\",\"name\":\"La Compa\\u00f1ia de Lupe\",\"description\":\"\",\"publisher\":{\"@id\":\"https:\/\/lacompaniadelupe.com\/#organization\"},\"potentialAction\":[{\"@type\":\"SearchAction\",\"target\":\"https:\/\/lacompaniadelupe.com\/?s={search_term_string}\",\"query-input\":\"required name=search_term_string\"}],\"inLanguage\":\"es\"},{\"@type\":\"ImageObject\",\"@id\":\"https:\/\/lacompaniadelupe.com\/index.php\/contact\/#primaryimage\",\"inLanguage\":\"es\",\"url\":\"https:\/\/lacompaniadelupe.com\/wp-content\/uploads\/2020\/10\/carta.jpg\",\"width\":564,\"height\":368},{\"@type\":\"WebPage\",\"@id\":\"https:\/\/lacompaniadelupe.com\/index.php\/contact\/#webpage\",\"url\":\"https:\/\/lacompaniadelupe.com\/index.php\/contact\/\",\"name\":\"Contacto - La Compa\\u00f1ia de Lupe\",\"isPartOf\":{\"@id\":\"https:\/\/lacompaniadelupe.com\/#website\"},\"primaryImageOfPage\":{\"@id\":\"https:\/\/lacompaniadelupe.com\/index.php\/contact\/#primaryimage\"},\"datePublished\":\"2020-10-10T11:42:12+00:00\",\"dateModified\":\"2024-02-18T16:41:07+00:00\",\"description\":\"Formulario de contacto para solicitar informaci\\u00f3n y presupuesto, sobre la creaci\\u00f3n de contenidos audiovisuales o aventuras tem\\u00e1ticas\",\"inLanguage\":\"es\",\"potentialAction\":[{\"@type\":\"ReadAction\",\"target\":[\"https:\/\/lacompaniadelupe.com\/index.php\/contact\/\"]}]}]}<\/script>\n<!-- \/ Yoast SEO plugin. -->","_links":{"self":[{"href":"https:\/\/lacompaniadelupe.com\/index.php\/wp-json\/wp\/v2\/pages\/18","targetHints":{"allow":["GET"]}}],"collection":[{"href":"https:\/\/lacompaniadelupe.com\/index.php\/wp-json\/wp\/v2\/pages"}],"about":[{"href":"https:\/\/lacompaniadelupe.com\/index.php\/wp-json\/wp\/v2\/types\/page"}],"author":[{"embeddable":true,"href":"https:\/\/lacompaniadelupe.com\/index.php\/wp-json\/wp\/v2\/users\/1"}],"replies":[{"embeddable":true,"href":"https:\/\/lacompaniadelupe.com\/index.php\/wp-json\/wp\/v2\/comments?post=18"}],"version-history":[{"count":8,"href":"https:\/\/lacompaniadelupe.com\/index.php\/wp-json\/wp\/v2\/pages\/18\/revisions"}],"predecessor-version":[{"id":229,"href":"https:\/\/lacompaniadelupe.com\/index.php\/wp-json\/wp\/v2\/pages\/18\/revisions\/229"}],"wp:featuredmedia":[{"embeddable":true,"href":"https:\/\/lacompaniadelupe.com\/index.php\/wp-json\/wp\/v2\/media\/215"}],"wp:attachment":[{"href":"https:\/\/lacompaniadelupe.com\/index.php\/wp-json\/wp\/v2\/media?parent=18"}],"curies":[{"name":"wp","href":"https:\/\/api.w.org\/{rel}","templated":true}]}}