{"id":93,"date":"2020-10-11T18:08:13","date_gmt":"2020-10-11T18:08:13","guid":{"rendered":"https:\/\/lacompaniadelupe.com\/?page_id=93"},"modified":"2022-11-10T20:34:21","modified_gmt":"2022-11-10T20:34:21","slug":"galeria-tematica","status":"publish","type":"page","link":"https:\/\/lacompaniadelupe.com\/index.php\/aventuras-tematicas\/galeria-tematica\/","title":{"rendered":"Galer\u00eda Tem\u00e1tica"},"content":{"rendered":"\n<p><strong>Llevamos m\u00e1s de dos a\u00f1os representando con gran \u00e9xito \u00abAsesinato en Milton Road\u00bb<\/strong><\/p>\n\n\n\n<figure class=\"wp-block-gallery columns-3 is-cropped wp-block-gallery-1 is-layout-flex wp-block-gallery-is-layout-flex\"><ul class=\"blocks-gallery-grid\"><li class=\"blocks-gallery-item\"><figure><img loading=\"lazy\" decoding=\"async\" width=\"383\" height=\"510\" src=\"https:\/\/lacompaniadelupe.com\/wp-content\/uploads\/2020\/10\/milton01.jpg\" alt=\"\" data-id=\"122\" data-full-url=\"https:\/\/lacompaniadelupe.com\/wp-content\/uploads\/2020\/10\/milton01.jpg\" data-link=\"https:\/\/lacompaniadelupe.com\/index.php\/galeria-tematica\/milton01\/\" class=\"wp-image-122\" srcset=\"https:\/\/lacompaniadelupe.com\/wp-content\/uploads\/2020\/10\/milton01.jpg 383w, https:\/\/lacompaniadelupe.com\/wp-content\/uploads\/2020\/10\/milton01-225x300.jpg 225w\" sizes=\"auto, (max-width: 383px) 100vw, 383px\" \/><\/figure><\/li><li class=\"blocks-gallery-item\"><figure><img loading=\"lazy\" decoding=\"async\" width=\"510\" height=\"383\" src=\"https:\/\/lacompaniadelupe.com\/wp-content\/uploads\/2020\/10\/milton02.jpg\" alt=\"\" data-id=\"123\" data-full-url=\"https:\/\/lacompaniadelupe.com\/wp-content\/uploads\/2020\/10\/milton02.jpg\" data-link=\"https:\/\/lacompaniadelupe.com\/index.php\/galeria-tematica\/milton02\/\" class=\"wp-image-123\" srcset=\"https:\/\/lacompaniadelupe.com\/wp-content\/uploads\/2020\/10\/milton02.jpg 510w, https:\/\/lacompaniadelupe.com\/wp-content\/uploads\/2020\/10\/milton02-300x225.jpg 300w\" sizes=\"auto, (max-width: 510px) 100vw, 510px\" \/><\/figure><\/li><li class=\"blocks-gallery-item\"><figure><img loading=\"lazy\" decoding=\"async\" width=\"383\" height=\"510\" src=\"https:\/\/lacompaniadelupe.com\/wp-content\/uploads\/2020\/10\/milton03.jpg\" alt=\"\" data-id=\"124\" data-full-url=\"https:\/\/lacompaniadelupe.com\/wp-content\/uploads\/2020\/10\/milton03.jpg\" data-link=\"https:\/\/lacompaniadelupe.com\/index.php\/galeria-tematica\/milton03\/\" class=\"wp-image-124\" srcset=\"https:\/\/lacompaniadelupe.com\/wp-content\/uploads\/2020\/10\/milton03.jpg 383w, https:\/\/lacompaniadelupe.com\/wp-content\/uploads\/2020\/10\/milton03-225x300.jpg 225w\" sizes=\"auto, (max-width: 383px) 100vw, 383px\" \/><\/figure><\/li><li class=\"blocks-gallery-item\"><figure><img loading=\"lazy\" decoding=\"async\" width=\"510\" height=\"383\" src=\"https:\/\/lacompaniadelupe.com\/wp-content\/uploads\/2020\/10\/milton04.jpg\" alt=\"\" data-id=\"125\" data-full-url=\"https:\/\/lacompaniadelupe.com\/wp-content\/uploads\/2020\/10\/milton04.jpg\" data-link=\"https:\/\/lacompaniadelupe.com\/index.php\/galeria-tematica\/milton04\/\" class=\"wp-image-125\" srcset=\"https:\/\/lacompaniadelupe.com\/wp-content\/uploads\/2020\/10\/milton04.jpg 510w, https:\/\/lacompaniadelupe.com\/wp-content\/uploads\/2020\/10\/milton04-300x225.jpg 300w\" sizes=\"auto, (max-width: 510px) 100vw, 510px\" \/><\/figure><\/li><li class=\"blocks-gallery-item\"><figure><img loading=\"lazy\" decoding=\"async\" width=\"510\" height=\"383\" src=\"https:\/\/lacompaniadelupe.com\/wp-content\/uploads\/2020\/10\/milton05.jpg\" alt=\"\" data-id=\"126\" data-full-url=\"https:\/\/lacompaniadelupe.com\/wp-content\/uploads\/2020\/10\/milton05.jpg\" data-link=\"https:\/\/lacompaniadelupe.com\/index.php\/galeria-tematica\/milton05\/\" class=\"wp-image-126\" srcset=\"https:\/\/lacompaniadelupe.com\/wp-content\/uploads\/2020\/10\/milton05.jpg 510w, https:\/\/lacompaniadelupe.com\/wp-content\/uploads\/2020\/10\/milton05-300x225.jpg 300w\" sizes=\"auto, (max-width: 510px) 100vw, 510px\" \/><\/figure><\/li><li class=\"blocks-gallery-item\"><figure><img loading=\"lazy\" decoding=\"async\" width=\"510\" height=\"383\" src=\"https:\/\/lacompaniadelupe.com\/wp-content\/uploads\/2020\/10\/milton06.jpg\" alt=\"\" data-id=\"127\" data-full-url=\"https:\/\/lacompaniadelupe.com\/wp-content\/uploads\/2020\/10\/milton06.jpg\" data-link=\"https:\/\/lacompaniadelupe.com\/index.php\/galeria-tematica\/milton06\/\" class=\"wp-image-127\" srcset=\"https:\/\/lacompaniadelupe.com\/wp-content\/uploads\/2020\/10\/milton06.jpg 510w, https:\/\/lacompaniadelupe.com\/wp-content\/uploads\/2020\/10\/milton06-300x225.jpg 300w\" sizes=\"auto, (max-width: 510px) 100vw, 510px\" \/><\/figure><\/li><\/ul><\/figure>\n\n\n\n<p><strong>Colaboraci\u00f3n con Z-INFECTION<\/strong><\/p>\n\n\n\n<figure class=\"wp-block-image size-large\"><img loading=\"lazy\" decoding=\"async\" width=\"834\" height=\"516\" src=\"https:\/\/lacompaniadelupe.com\/wp-content\/uploads\/2020\/10\/z-infection.jpg\" alt=\"\" class=\"wp-image-103\" srcset=\"https:\/\/lacompaniadelupe.com\/wp-content\/uploads\/2020\/10\/z-infection.jpg 834w, https:\/\/lacompaniadelupe.com\/wp-content\/uploads\/2020\/10\/z-infection-300x186.jpg 300w, https:\/\/lacompaniadelupe.com\/wp-content\/uploads\/2020\/10\/z-infection-768x475.jpg 768w\" sizes=\"auto, (max-width: 834px) 100vw, 834px\" \/><\/figure>\n\n\n\n<p><strong>Pasaje del Terror.                                                                      Halloween&#8217;18 , La puebla de Hijar (Teruel)<\/strong><\/p>\n\n\n\n<figure class=\"wp-block-embed-youtube wp-block-embed is-type-video is-provider-youtube wp-embed-aspect-16-9 wp-has-aspect-ratio\"><div class=\"wp-block-embed__wrapper\">\n<iframe loading=\"lazy\" title=\"Halloween Asociaci\u00f3n Juvenil La Puebla de Hijar\" width=\"580\" height=\"326\" src=\"https:\/\/www.youtube.com\/embed\/HqMSzN36Bqc?feature=oembed\" frameborder=\"0\" allow=\"accelerometer; autoplay; clipboard-write; encrypted-media; gyroscope; picture-in-picture; web-share\" referrerpolicy=\"strict-origin-when-cross-origin\" allowfullscreen><\/iframe>\n<\/div><\/figure>\n\n\n\n<p><strong>El bosque Maldito.<\/strong>                                                                                                                                                                                                                                                     <strong>Halloween&#8217;19<\/strong>,<strong> colaboraci\u00f3n con AAVV Canaletes de Cerdanyola del Vall\u00e8s (Barcelona).<\/strong><\/p>\n\n\n\n<figure class=\"wp-block-image size-large\"><a href=\"https:\/\/www.facebook.com\/232176820194456\/videos\/430045804216698\/?__so__=channel_tab&amp;__rv__=all_videos_card\" target=\"_blank\" rel=\"noopener noreferrer\"><img loading=\"lazy\" decoding=\"async\" width=\"762\" height=\"453\" src=\"https:\/\/lacompaniadelupe.com\/wp-content\/uploads\/2020\/10\/maldito.jpg\" alt=\"\" class=\"wp-image-98\" srcset=\"https:\/\/lacompaniadelupe.com\/wp-content\/uploads\/2020\/10\/maldito.jpg 762w, https:\/\/lacompaniadelupe.com\/wp-content\/uploads\/2020\/10\/maldito-300x178.jpg 300w\" sizes=\"auto, (max-width: 762px) 100vw, 762px\" \/><\/a><\/figure>\n\n\n\n<p><strong>El circo de los horrores.                                                           Halloween&#8217;19, La Puebla de Hijar (Teruel)<\/strong><\/p>\n\n\n\n<figure class=\"wp-block-image size-large\"><img loading=\"lazy\" decoding=\"async\" width=\"940\" height=\"528\" src=\"https:\/\/lacompaniadelupe.com\/wp-content\/uploads\/2020\/10\/el-circo.jpg\" alt=\"\" class=\"wp-image-104\" srcset=\"https:\/\/lacompaniadelupe.com\/wp-content\/uploads\/2020\/10\/el-circo.jpg 940w, https:\/\/lacompaniadelupe.com\/wp-content\/uploads\/2020\/10\/el-circo-300x169.jpg 300w, https:\/\/lacompaniadelupe.com\/wp-content\/uploads\/2020\/10\/el-circo-768x431.jpg 768w\" sizes=\"auto, (max-width: 940px) 100vw, 940px\" \/><\/figure>\n\n\n\n<p><strong>El bosque Maldito. <\/strong><\/p>\n\n\n\n<p><strong>Halloween&#8217;22, colaboraci\u00f3n con AAVV Canaletes de Cerdanyola del Vall\u00e8s (Barcelona).<\/strong><\/p>\n\n\n\n<figure class=\"wp-block-image size-large\"><img loading=\"lazy\" decoding=\"async\" width=\"1024\" height=\"682\" src=\"https:\/\/lacompaniadelupe.com\/wp-content\/uploads\/2022\/11\/foto_2022-1024x682.jpg\" alt=\"\" class=\"wp-image-301\" srcset=\"https:\/\/lacompaniadelupe.com\/wp-content\/uploads\/2022\/11\/foto_2022-1024x682.jpg 1024w, https:\/\/lacompaniadelupe.com\/wp-content\/uploads\/2022\/11\/foto_2022-300x200.jpg 300w, https:\/\/lacompaniadelupe.com\/wp-content\/uploads\/2022\/11\/foto_2022-768x511.jpg 768w, https:\/\/lacompaniadelupe.com\/wp-content\/uploads\/2022\/11\/foto_2022-1200x799.jpg 1200w, https:\/\/lacompaniadelupe.com\/wp-content\/uploads\/2022\/11\/foto_2022.jpg 1340w\" sizes=\"auto, (max-width: 1024px) 100vw, 1024px\" \/><\/figure>\n","protected":false},"excerpt":{"rendered":"<p>Llevamos m\u00e1s de dos a\u00f1os representando con gran \u00e9xito \u00abAsesinato en Milton Road\u00bb Colaboraci\u00f3n con Z-INFECTION Pasaje del Terror. Halloween&#8217;18 , La puebla de Hijar (Teruel) El bosque Maldito. Halloween&#8217;19, colaboraci\u00f3n con AAVV Canaletes de Cerdanyola del Vall\u00e8s (Barcelona). El circo de los horrores. Halloween&#8217;19, La Puebla de Hijar (Teruel) El bosque Maldito. Halloween&#8217;22, colaboraci\u00f3n [&hellip;]<\/p>\n","protected":false},"author":1,"featured_media":211,"parent":131,"menu_order":0,"comment_status":"closed","ping_status":"closed","template":"","meta":{"footnotes":""},"class_list":["post-93","page","type-page","status-publish","has-post-thumbnail","hentry"],"yoast_head":"<!-- This site is optimized with the Yoast SEO plugin v15.1.1 - https:\/\/yoast.com\/wordpress\/plugins\/seo\/ -->\n<title>Galer\u00eda Tem\u00e1tica - La Compa\u00f1ia de Lupe<\/title>\n<meta name=\"description\" content=\"La galer\u00eda tem\u00e1tica describe y muestra una peque\u00f1a parte de los eventos que hemos realizado a lo largo de estos dos \u00faltimos a\u00f1os.\" \/>\n<meta name=\"robots\" content=\"index, follow, max-snippet:-1, max-image-preview:large, max-video-preview:-1\" \/>\n<link rel=\"canonical\" href=\"https:\/\/lacompaniadelupe.com\/index.php\/aventuras-tematicas\/galeria-tematica\/\" \/>\n<meta property=\"og:locale\" content=\"es_ES\" \/>\n<meta property=\"og:type\" content=\"article\" \/>\n<meta property=\"og:title\" content=\"Galer\u00eda Tem\u00e1tica - La Compa\u00f1ia de Lupe\" \/>\n<meta property=\"og:description\" content=\"La galer\u00eda tem\u00e1tica describe y muestra una peque\u00f1a parte de los eventos que hemos realizado a lo largo de estos dos \u00faltimos a\u00f1os.\" \/>\n<meta property=\"og:url\" content=\"https:\/\/lacompaniadelupe.com\/index.php\/aventuras-tematicas\/galeria-tematica\/\" \/>\n<meta property=\"og:site_name\" content=\"La Compa\u00f1ia de Lupe\" \/>\n<meta property=\"article:publisher\" content=\"https:\/\/www.facebook.com\/lacompaniadelupe\/\" \/>\n<meta property=\"article:modified_time\" content=\"2022-11-10T20:34:21+00:00\" \/>\n<meta property=\"og:image\" content=\"https:\/\/lacompaniadelupe.com\/wp-content\/uploads\/2020\/10\/vampiro.jpg\" \/>\n\t<meta property=\"og:image:width\" content=\"510\" \/>\n\t<meta property=\"og:image:height\" content=\"340\" \/>\n<meta name=\"twitter:card\" content=\"summary_large_image\" \/>\n<meta name=\"twitter:description\" content=\"La galer\u00eda tem\u00e1tica describe y muestra una peque\u00f1a parte de los eventos que hemos realizado a lo largo de estos dos \u00faltimos a\u00f1os.\" \/>\n<meta name=\"twitter:image\" content=\"https:\/\/lacompaniadelupe.com\/wp-content\/uploads\/2020\/10\/vampiro.jpg\" \/>\n<script type=\"application\/ld+json\" class=\"yoast-schema-graph\">{\"@context\":\"https:\/\/schema.org\",\"@graph\":[{\"@type\":\"Organization\",\"@id\":\"https:\/\/lacompaniadelupe.com\/#organization\",\"name\":\"La Compa\\u00f1ia de Lupe\",\"url\":\"https:\/\/lacompaniadelupe.com\/\",\"sameAs\":[\"https:\/\/www.facebook.com\/lacompaniadelupe\/\",\"https:\/\/www.youtube.com\/channel\/UCd0RzECLfuVDtvf2xhSRvXA\"],\"logo\":{\"@type\":\"ImageObject\",\"@id\":\"https:\/\/lacompaniadelupe.com\/#logo\",\"inLanguage\":\"es\",\"url\":\"https:\/\/lacompaniadelupe.com\/wp-content\/uploads\/2020\/10\/logo-e1602354555723.png\",\"width\":400,\"height\":270,\"caption\":\"La Compa\\u00f1ia de Lupe\"},\"image\":{\"@id\":\"https:\/\/lacompaniadelupe.com\/#logo\"}},{\"@type\":\"WebSite\",\"@id\":\"https:\/\/lacompaniadelupe.com\/#website\",\"url\":\"https:\/\/lacompaniadelupe.com\/\",\"name\":\"La Compa\\u00f1ia de Lupe\",\"description\":\"\",\"publisher\":{\"@id\":\"https:\/\/lacompaniadelupe.com\/#organization\"},\"potentialAction\":[{\"@type\":\"SearchAction\",\"target\":\"https:\/\/lacompaniadelupe.com\/?s={search_term_string}\",\"query-input\":\"required name=search_term_string\"}],\"inLanguage\":\"es\"},{\"@type\":\"ImageObject\",\"@id\":\"https:\/\/lacompaniadelupe.com\/index.php\/aventuras-tematicas\/galeria-tematica\/#primaryimage\",\"inLanguage\":\"es\",\"url\":\"https:\/\/lacompaniadelupe.com\/wp-content\/uploads\/2020\/10\/mujer_coche.jpg\",\"width\":510,\"height\":340},{\"@type\":\"WebPage\",\"@id\":\"https:\/\/lacompaniadelupe.com\/index.php\/aventuras-tematicas\/galeria-tematica\/#webpage\",\"url\":\"https:\/\/lacompaniadelupe.com\/index.php\/aventuras-tematicas\/galeria-tematica\/\",\"name\":\"Galer\\u00eda Tem\\u00e1tica - La Compa\\u00f1ia de Lupe\",\"isPartOf\":{\"@id\":\"https:\/\/lacompaniadelupe.com\/#website\"},\"primaryImageOfPage\":{\"@id\":\"https:\/\/lacompaniadelupe.com\/index.php\/aventuras-tematicas\/galeria-tematica\/#primaryimage\"},\"datePublished\":\"2020-10-11T18:08:13+00:00\",\"dateModified\":\"2022-11-10T20:34:21+00:00\",\"description\":\"La galer\\u00eda tem\\u00e1tica describe y muestra una peque\\u00f1a parte de los eventos que hemos realizado a lo largo de estos dos \\u00faltimos a\\u00f1os.\",\"inLanguage\":\"es\",\"potentialAction\":[{\"@type\":\"ReadAction\",\"target\":[\"https:\/\/lacompaniadelupe.com\/index.php\/aventuras-tematicas\/galeria-tematica\/\"]}]}]}<\/script>\n<!-- \/ Yoast SEO plugin. -->","_links":{"self":[{"href":"https:\/\/lacompaniadelupe.com\/index.php\/wp-json\/wp\/v2\/pages\/93","targetHints":{"allow":["GET"]}}],"collection":[{"href":"https:\/\/lacompaniadelupe.com\/index.php\/wp-json\/wp\/v2\/pages"}],"about":[{"href":"https:\/\/lacompaniadelupe.com\/index.php\/wp-json\/wp\/v2\/types\/page"}],"author":[{"embeddable":true,"href":"https:\/\/lacompaniadelupe.com\/index.php\/wp-json\/wp\/v2\/users\/1"}],"replies":[{"embeddable":true,"href":"https:\/\/lacompaniadelupe.com\/index.php\/wp-json\/wp\/v2\/comments?post=93"}],"version-history":[{"count":12,"href":"https:\/\/lacompaniadelupe.com\/index.php\/wp-json\/wp\/v2\/pages\/93\/revisions"}],"predecessor-version":[{"id":302,"href":"https:\/\/lacompaniadelupe.com\/index.php\/wp-json\/wp\/v2\/pages\/93\/revisions\/302"}],"up":[{"embeddable":true,"href":"https:\/\/lacompaniadelupe.com\/index.php\/wp-json\/wp\/v2\/pages\/131"}],"wp:featuredmedia":[{"embeddable":true,"href":"https:\/\/lacompaniadelupe.com\/index.php\/wp-json\/wp\/v2\/media\/211"}],"wp:attachment":[{"href":"https:\/\/lacompaniadelupe.com\/index.php\/wp-json\/wp\/v2\/media?parent=93"}],"curies":[{"name":"wp","href":"https:\/\/api.w.org\/{rel}","templated":true}]}}